{"id":2,"date":"2020-03-22T16:35:56","date_gmt":"2020-03-22T15:35:56","guid":{"rendered":"http:\/\/localhost\/Test_wordpress\/?page_id=2"},"modified":"2020-03-31T22:53:11","modified_gmt":"2020-03-31T20:53:11","slug":"a-propos","status":"publish","type":"page","link":"https:\/\/will-o.fr\/blog\/a-propos\/","title":{"rendered":"\u00c0 propos"},"content":{"rendered":"\n<p>William enregistre un disque dans les conditions d\u00e9crites par la              brochure actuelle; Le CD est en pr\u00e9paration et la  pr\u00e9sentation des              productions est pr\u00e9vue prochainement. Je suis auteur de  musiques originales, aime concevoir et faire \u00e9voluer des sites Internet.               L&rsquo;\u00e9dition et les symboles qu&rsquo;elle repr\u00e9sente avec les  multiples r\u00e9f\u00e9rences qu&rsquo;elle comporte nous influence; Je travaille dans les domaines de  l&rsquo;informatique et des technologies de l&rsquo;information et de la  communication. <\/p>\n","protected":false},"excerpt":{"rendered":"<p>William enregistre un disque dans les conditions d\u00e9crites par la brochure actuelle; Le CD est en pr\u00e9paration et la pr\u00e9sentation des productions est pr\u00e9vue prochainement. Je suis auteur de musiques originales, aime concevoir et faire \u00e9voluer des sites Internet. L&rsquo;\u00e9dition et les symboles qu&rsquo;elle repr\u00e9sente avec les multiples r\u00e9f\u00e9rences qu&rsquo;elle comporte nous influence; Je travaille [&hellip;]<\/p>\n","protected":false},"author":1,"featured_media":0,"parent":0,"menu_order":0,"comment_status":"closed","ping_status":"open","template":"template-banner.php","meta":[],"_links":{"self":[{"href":"https:\/\/will-o.fr\/blog\/wp-json\/wp\/v2\/pages\/2"}],"collection":[{"href":"https:\/\/will-o.fr\/blog\/wp-json\/wp\/v2\/pages"}],"about":[{"href":"https:\/\/will-o.fr\/blog\/wp-json\/wp\/v2\/types\/page"}],"author":[{"embeddable":true,"href":"https:\/\/will-o.fr\/blog\/wp-json\/wp\/v2\/users\/1"}],"replies":[{"embeddable":true,"href":"https:\/\/will-o.fr\/blog\/wp-json\/wp\/v2\/comments?post=2"}],"version-history":[{"count":3,"href":"https:\/\/will-o.fr\/blog\/wp-json\/wp\/v2\/pages\/2\/revisions"}],"predecessor-version":[{"id":52,"href":"https:\/\/will-o.fr\/blog\/wp-json\/wp\/v2\/pages\/2\/revisions\/52"}],"wp:attachment":[{"href":"https:\/\/will-o.fr\/blog\/wp-json\/wp\/v2\/media?parent=2"}],"curies":[{"name":"wp","href":"https:\/\/api.w.org\/{rel}","templated":true}]}}